{"id":2341,"date":"2023-04-04T17:33:57","date_gmt":"2023-04-04T15:33:57","guid":{"rendered":"https:\/\/frozenmangomedia.hu\/?page_id=2341"},"modified":"2025-10-26T01:08:13","modified_gmt":"2025-10-25T23:08:13","slug":"thank-you","status":"publish","type":"page","link":"https:\/\/frozenmangomedia.hu\/en\/thank-you\/","title":{"rendered":"Thank you page"},"content":{"rendered":"<div data-elementor-type=\"wp-page\" data-elementor-id=\"2341\" class=\"elementor elementor-2341\" data-elementor-post-type=\"page\">\n\t\t\t\t\t\t<section data-particle_enable=\"false\" data-particle-mobile-disabled=\"false\" class=\"elementor-section elementor-top-section elementor-element elementor-element-3003b9e elementor-section-boxed elementor-section-height-default elementor-section-height-default\" data-id=\"3003b9e\" data-element_type=\"section\" data-e-type=\"section\" data-settings=\"{&quot;jet_parallax_layout_list&quot;:[]}\">\n\t\t\t\t\t\t<div class=\"elementor-container elementor-column-gap-default\">\n\t\t\t\t\t<div class=\"elementor-column elementor-col-100 elementor-top-column elementor-element elementor-element-2ef95b6\" data-id=\"2ef95b6\" data-element_type=\"column\" data-e-type=\"column\">\n\t\t\t<div class=\"elementor-widget-wrap elementor-element-populated\">\n\t\t\t\t\t\t<div class=\"elementor-element elementor-element-e5def1d elementor-widget elementor-widget-heading\" data-id=\"e5def1d\" data-element_type=\"widget\" data-e-type=\"widget\" data-widget_type=\"heading.default\">\n\t\t\t\t<div class=\"elementor-widget-container\">\n\t\t\t\t\t<h2 class=\"elementor-heading-title elementor-size-default\">K\u00f6sz\u00f6nj\u00fck, el is k\u00e9sz\u00fclt\u00e9l! \ud83d\ude42<\/h2>\t\t\t\t<\/div>\n\t\t\t\t<\/div>\n\t\t\t\t\t<\/div>\n\t\t<\/div>\n\t\t\t\t\t<\/div>\n\t\t<\/section>\n\t\t\t\t<section data-particle_enable=\"false\" data-particle-mobile-disabled=\"false\" class=\"elementor-section elementor-top-section elementor-element elementor-element-d491482 elementor-section-boxed elementor-section-height-default elementor-section-height-default\" data-id=\"d491482\" data-element_type=\"section\" data-e-type=\"section\" data-settings=\"{&quot;jet_parallax_layout_list&quot;:[]}\">\n\t\t\t\t\t\t<div class=\"elementor-container elementor-column-gap-default\">\n\t\t\t\t\t<div class=\"elementor-column elementor-col-100 elementor-top-column elementor-element elementor-element-b47ea70\" data-id=\"b47ea70\" data-element_type=\"column\" data-e-type=\"column\">\n\t\t\t<div class=\"elementor-widget-wrap elementor-element-populated\">\n\t\t\t\t\t\t<div class=\"elementor-element elementor-element-6af3c03 elementor-widget elementor-widget-text-editor\" data-id=\"6af3c03\" data-element_type=\"widget\" data-e-type=\"widget\" data-widget_type=\"text-editor.default\">\n\t\t\t\t<div class=\"elementor-widget-container\">\n\t\t\t\t\t\t\t\t\t<p><strong>Hamarosan felvessz\u00fck veled a kapcsolatot \u00e9s egy\u00fctt \u00e1tbesz\u00e9lj\u00fck, hogyan tudn\u00e1nk t\u00e9ged a legjobban t\u00e1mogatni a k\u00f6z\u00f6s munka sor\u00e1n.\u00a0<\/strong><\/p><p><strong>Addig is, hallgass bele Podcastunkba vagy olvass bele leg\u00fajabb esettanulm\u00e1nyainkba a gombok egyik\u00e9re kattintva!\u00a0<\/strong><\/p>\t\t\t\t\t\t\t\t<\/div>\n\t\t\t\t<\/div>\n\t\t\t\t\t<\/div>\n\t\t<\/div>\n\t\t\t\t\t<\/div>\n\t\t<\/section>\n\t\t\t\t<section data-particle_enable=\"false\" data-particle-mobile-disabled=\"false\" class=\"elementor-section elementor-top-section elementor-element elementor-element-20a0acd elementor-section-boxed elementor-section-height-default elementor-section-height-default\" data-id=\"20a0acd\" data-element_type=\"section\" data-e-type=\"section\" data-settings=\"{&quot;jet_parallax_layout_list&quot;:[]}\">\n\t\t\t\t\t\t<div class=\"elementor-container elementor-column-gap-default\">\n\t\t\t\t\t<div class=\"elementor-column elementor-col-100 elementor-top-column elementor-element elementor-element-f57268d\" data-id=\"f57268d\" data-element_type=\"column\" data-e-type=\"column\">\n\t\t\t<div class=\"elementor-widget-wrap elementor-element-populated\">\n\t\t\t\t\t\t<div class=\"elementor-element elementor-element-336a261 elementor-align-center elementor-widget elementor-widget-button\" data-id=\"336a261\" data-element_type=\"widget\" data-e-type=\"widget\" data-widget_type=\"button.default\">\n\t\t\t\t<div class=\"elementor-widget-container\">\n\t\t\t\t\t\t\t\t\t<div class=\"elementor-button-wrapper\">\n\t\t\t\t\t<a class=\"elementor-button elementor-button-link elementor-size-lg elementor-animation-grow\" href=\"https:\/\/www.youtube.com\/@FrozenMangoMedia\" target=\"_blank\" rel=\"noopener\">\n\t\t\t\t\t\t<span class=\"elementor-button-content-wrapper\">\n\t\t\t\t\t\t\t\t\t<span class=\"elementor-button-text\">Ir\u00e1ny A Podcast!<\/span>\n\t\t\t\t\t<\/span>\n\t\t\t\t\t<\/a>\n\t\t\t\t<\/div>\n\t\t\t\t\t\t\t\t<\/div>\n\t\t\t\t<\/div>\n\t\t\t\t<div class=\"elementor-element elementor-element-e389642 elementor-align-center elementor-widget elementor-widget-button\" data-id=\"e389642\" data-element_type=\"widget\" data-e-type=\"widget\" data-widget_type=\"button.default\">\n\t\t\t\t<div class=\"elementor-widget-container\">\n\t\t\t\t\t\t\t\t\t<div class=\"elementor-button-wrapper\">\n\t\t\t\t\t<a class=\"elementor-button elementor-button-link elementor-size-lg elementor-animation-grow\" href=\"https:\/\/frozenmangomedia.hu\/en\/esettanulmanyok\/\">\n\t\t\t\t\t\t<span class=\"elementor-button-content-wrapper\">\n\t\t\t\t\t\t\t\t\t<span class=\"elementor-button-text\">Most ink\u00e1bb az esettanulm\u00e1nyokba olvasn\u00e9k bele!<\/span>\n\t\t\t\t\t<\/span>\n\t\t\t\t\t<\/a>\n\t\t\t\t<\/div>\n\t\t\t\t\t\t\t\t<\/div>\n\t\t\t\t<\/div>\n\t\t\t\t<div class=\"elementor-element elementor-element-2c85781 elementor-hidden-desktop elementor-hidden-tablet elementor-hidden-mobile elementor-widget elementor-widget-html\" data-id=\"2c85781\" data-element_type=\"widget\" data-e-type=\"widget\" data-widget_type=\"html.default\">\n\t\t\t\t<div class=\"elementor-widget-container\">\n\t\t\t\t\t<!-- ScheduleOnce embed START -->\n<div id=\"SOIDIV_FrozenMangoMedia\" data-so-page=\"FrozenMangoMedia\" data-height=\"550\" data-style=\"border: 1px solid #d8d8d8; min-width: 290px; max-width: 900px;\" data-psz=\"00\"><\/div>\n<script type=\"text\/javascript\" src=\"https:\/\/cdn.oncehub.com\/mergedjs\/so.js\"><\/script>\n<!-- ScheduleOnce embed END -->\t\t\t\t<\/div>\n\t\t\t\t<\/div>\n\t\t\t\t\t<\/div>\n\t\t<\/div>\n\t\t\t\t\t<\/div>\n\t\t<\/section>\n\t\t\t\t<section data-particle_enable=\"false\" data-particle-mobile-disabled=\"false\" class=\"elementor-section elementor-top-section elementor-element elementor-element-f624998 elementor-section-boxed elementor-section-height-default elementor-section-height-default\" data-id=\"f624998\" data-element_type=\"section\" data-e-type=\"section\" data-settings=\"{&quot;jet_parallax_layout_list&quot;:[]}\">\n\t\t\t\t\t\t<div class=\"elementor-container elementor-column-gap-default\">\n\t\t\t\t\t<div class=\"elementor-column elementor-col-100 elementor-top-column elementor-element elementor-element-1ae97b6\" data-id=\"1ae97b6\" data-element_type=\"column\" data-e-type=\"column\">\n\t\t\t<div class=\"elementor-widget-wrap elementor-element-populated\">\n\t\t\t\t\t\t<div class=\"elementor-element elementor-element-f4d624e elementor-widget elementor-widget-image\" data-id=\"f4d624e\" data-element_type=\"widget\" data-e-type=\"widget\" data-widget_type=\"image.default\">\n\t\t\t\t<div class=\"elementor-widget-container\">\n\t\t\t\t\t\t\t\t\t\t\t\t\t\t\t<img fetchpriority=\"high\" decoding=\"async\" width=\"768\" height=\"1152\" src=\"https:\/\/frozenmangomedia.hu\/wp-content\/uploads\/2025\/10\/IMG_9964-768x1152.jpg\" class=\"attachment-medium_large size-medium_large wp-image-6217\" alt=\"\" srcset=\"https:\/\/frozenmangomedia.hu\/wp-content\/uploads\/2025\/10\/IMG_9964-768x1152.jpg 768w, https:\/\/frozenmangomedia.hu\/wp-content\/uploads\/2025\/10\/IMG_9964-200x300.jpg 200w, https:\/\/frozenmangomedia.hu\/wp-content\/uploads\/2025\/10\/IMG_9964-683x1024.jpg 683w, https:\/\/frozenmangomedia.hu\/wp-content\/uploads\/2025\/10\/IMG_9964-1024x1536.jpg 1024w, https:\/\/frozenmangomedia.hu\/wp-content\/uploads\/2025\/10\/IMG_9964-1365x2048.jpg 1365w, https:\/\/frozenmangomedia.hu\/wp-content\/uploads\/2025\/10\/IMG_9964-8x12.jpg 8w, https:\/\/frozenmangomedia.hu\/wp-content\/uploads\/2025\/10\/IMG_9964-scaled.jpg 1707w\" sizes=\"(max-width: 768px) 100vw, 768px\" \/>\t\t\t\t\t\t\t\t\t\t\t\t\t\t\t<\/div>\n\t\t\t\t<\/div>\n\t\t\t\t\t<\/div>\n\t\t<\/div>\n\t\t\t\t\t<\/div>\n\t\t<\/section>\n\t\t\t\t<\/div>","protected":false},"excerpt":{"rendered":"<p>K\u00f6sz\u00f6nj\u00fck, el is k\u00e9sz\u00fclt\u00e9l! \ud83d\ude42 Hamarosan felvessz\u00fck veled a kapcsolatot \u00e9s egy\u00fctt \u00e1tbesz\u00e9lj\u00fck, hogyan tudn\u00e1nk t\u00e9ged a legjobban t\u00e1mogatni a k\u00f6z\u00f6s munka sor\u00e1n.\u00a0 Addig is, hallgass bele Podcastunkba vagy olvass bele leg\u00fajabb esettanulm\u00e1nyainkba a gombok egyik\u00e9re kattintva!\u00a0 Ir\u00e1ny A Podcast! Most ink\u00e1bb az esettanulm\u00e1nyokba olvasn\u00e9k bele!<\/p>","protected":false},"author":5,"featured_media":0,"parent":0,"menu_order":0,"comment_status":"closed","ping_status":"closed","template":"","meta":{"footnotes":""},"class_list":["post-2341","page","type-page","status-publish","hentry"],"_links":{"self":[{"href":"https:\/\/frozenmangomedia.hu\/en\/wp-json\/wp\/v2\/pages\/2341","targetHints":{"allow":["GET"]}}],"collection":[{"href":"https:\/\/frozenmangomedia.hu\/en\/wp-json\/wp\/v2\/pages"}],"about":[{"href":"https:\/\/frozenmangomedia.hu\/en\/wp-json\/wp\/v2\/types\/page"}],"author":[{"embeddable":true,"href":"https:\/\/frozenmangomedia.hu\/en\/wp-json\/wp\/v2\/users\/5"}],"replies":[{"embeddable":true,"href":"https:\/\/frozenmangomedia.hu\/en\/wp-json\/wp\/v2\/comments?post=2341"}],"version-history":[{"count":10,"href":"https:\/\/frozenmangomedia.hu\/en\/wp-json\/wp\/v2\/pages\/2341\/revisions"}],"predecessor-version":[{"id":6223,"href":"https:\/\/frozenmangomedia.hu\/en\/wp-json\/wp\/v2\/pages\/2341\/revisions\/6223"}],"wp:attachment":[{"href":"https:\/\/frozenmangomedia.hu\/en\/wp-json\/wp\/v2\/media?parent=2341"}],"curies":[{"name":"wp","href":"https:\/\/api.w.org\/{rel}","templated":true}]}}