{"id":5886,"date":"2025-09-18T13:45:56","date_gmt":"2025-09-18T11:45:56","guid":{"rendered":"https:\/\/frozenmangomedia.hu\/?page_id=5886"},"modified":"2025-09-18T13:48:49","modified_gmt":"2025-09-18T11:48:49","slug":"new-penztar","status":"publish","type":"page","link":"https:\/\/frozenmangomedia.hu\/en\/new-penztar\/","title":{"rendered":"New penztar"},"content":{"rendered":"<div data-elementor-type=\"wp-page\" data-elementor-id=\"5886\" class=\"elementor elementor-5886\" data-elementor-post-type=\"page\">\n\t\t\t\t<div data-particle_enable=\"false\" data-particle-mobile-disabled=\"false\" class=\"elementor-element elementor-element-3c05065 e-flex e-con-boxed e-con e-parent\" data-id=\"3c05065\" data-element_type=\"container\" data-e-type=\"container\" data-settings=\"{&quot;jet_parallax_layout_list&quot;:[]}\">\n\t\t\t\t\t<div class=\"e-con-inner\">\n\t\t\t\t\t<\/div>\n\t\t\t\t<\/div>\n\t\t\t\t<\/div>","protected":false},"excerpt":{"rendered":"<p>Billing Details Keresztn\u00e9v&nbsp;* Vezet\u00e9kn\u00e9v&nbsp;* Company Name&nbsp;(nem k\u00f6telez\u0151) Ad\u00f3sz\u00e1m&nbsp;(nem k\u00f6telez\u0151) Country \/ Region&nbsp;*Magyarorsz\u00e1g Street address&nbsp;* Apartment, suite, unit, etc.&nbsp;(nem k\u00f6telez\u0151) Town \/ City&nbsp;* State \/ County&nbsp;(nem k\u00f6telez\u0151)V\u00e1lassz egy opci\u00f3t&hellip;B\u00e1cs-KiskunB\u00e9k\u00e9sBaranyaBorsod-Aba\u00faj-Zempl\u00e9nBudapestCsongr\u00e1d-Csan\u00e1dFej\u00e9rGy\u0151r-Moson-SopronHajd\u00fa-BiharHevesJ\u00e1sz-Nagykun-SzolnokKom\u00e1rom-EsztergomN\u00f3gr\u00e1dPestSomogySzabolcs-Szatm\u00e1r-BeregTolnaVasVeszpr\u00e9mZala Postcode \/ ZIP&nbsp;* Phone&nbsp;(nem k\u00f6telez\u0151) Email Address&nbsp;* Additional Information Order Notes&nbsp;(nem k\u00f6telez\u0151) Your Order Have a coupon? Click here to enter your coupon code If you have [&hellip;]<\/p>\n","protected":false},"author":7,"featured_media":0,"parent":0,"menu_order":0,"comment_status":"closed","ping_status":"closed","template":"","meta":{"footnotes":""},"class_list":["post-5886","page","type-page","status-publish","hentry"],"_links":{"self":[{"href":"https:\/\/frozenmangomedia.hu\/en\/wp-json\/wp\/v2\/pages\/5886","targetHints":{"allow":["GET"]}}],"collection":[{"href":"https:\/\/frozenmangomedia.hu\/en\/wp-json\/wp\/v2\/pages"}],"about":[{"href":"https:\/\/frozenmangomedia.hu\/en\/wp-json\/wp\/v2\/types\/page"}],"author":[{"embeddable":true,"href":"https:\/\/frozenmangomedia.hu\/en\/wp-json\/wp\/v2\/users\/7"}],"replies":[{"embeddable":true,"href":"https:\/\/frozenmangomedia.hu\/en\/wp-json\/wp\/v2\/comments?post=5886"}],"version-history":[{"count":7,"href":"https:\/\/frozenmangomedia.hu\/en\/wp-json\/wp\/v2\/pages\/5886\/revisions"}],"predecessor-version":[{"id":5894,"href":"https:\/\/frozenmangomedia.hu\/en\/wp-json\/wp\/v2\/pages\/5886\/revisions\/5894"}],"wp:attachment":[{"href":"https:\/\/frozenmangomedia.hu\/en\/wp-json\/wp\/v2\/media?parent=5886"}],"curies":[{"name":"wp","href":"https:\/\/api.w.org\/{rel}","templated":true}]}}